{"id":402,"date":"2023-11-05T17:08:55","date_gmt":"2023-11-05T17:08:55","guid":{"rendered":"https:\/\/multilogisticsonline.com\/?page_id=402"},"modified":"2023-12-12T20:22:24","modified_gmt":"2023-12-12T20:22:24","slug":"terms-and-conditions","status":"publish","type":"page","link":"https:\/\/multilogisticsonline.com\/en\/terms-and-conditions\/","title":{"rendered":"Terms and Conditions"},"content":{"rendered":"<style>.elementor-402 .elementor-element.elementor-element-735b54bb:not(.elementor-motion-effects-element-type-background), .elementor-402 .elementor-element.elementor-element-735b54bb > .elementor-motion-effects-container > .elementor-motion-effects-layer{background-color:var( --e-global-color-secondary );}.elementor-402 .elementor-element.elementor-element-735b54bb > .elementor-background-overlay{background-color:#122658;opacity:0.7;transition:background 0.3s, border-radius 0.3s, opacity 0.3s;}.elementor-402 .elementor-element.elementor-element-735b54bb{transition:background 0.3s, border 0.3s, border-radius 0.3s, box-shadow 0.3s;padding:7em 0em 7em 0em;}.elementor-402 .elementor-element.elementor-element-fe957e .elementor-heading-title{color:var( --e-global-color-text );}.elementor-402 .elementor-element.elementor-element-5ebc159d{margin-top:0px;margin-bottom:0px;padding:100px 0px 100px 0px;}.elementor-402 .elementor-element.elementor-element-11b004d7 > .elementor-element-populated{margin:0px 0px 0px 0px;--e-column-margin-right:0px;--e-column-margin-left:0px;padding:0px 0px 0px 0px;}.elementor-402 .elementor-element.elementor-element-fcdc9df .elementor-heading-title{font-size:15px;}.elementor-402 .elementor-element.elementor-element-35ca9c4{color:var( --e-global-color-primary );}@media(max-width:1024px){.elementor-402 .elementor-element.elementor-element-735b54bb > .elementor-container{max-width:500px;}.elementor-402 .elementor-element.elementor-element-735b54bb{padding:3em 0em 3em 0em;}.elementor-402 .elementor-element.elementor-element-6034894c > .elementor-element-populated{padding:2em 2em 2em 2em;}.elementor-402 .elementor-element.elementor-element-fe957e{text-align:center;}.elementor-402 .elementor-element.elementor-element-5ebc159d{margin-top:0px;margin-bottom:0px;padding:100px 30px 100px 30px;}}@media(max-width:767px){.elementor-402 .elementor-element.elementor-element-6034894c > .elementor-element-populated{padding:21px 21px 21px 21px;}.elementor-402 .elementor-element.elementor-element-fe957e{text-align:center;}.elementor-402 .elementor-element.elementor-element-5ebc159d{padding:100px 20px 100px 20px;}}<\/style>\t\t<div data-elementor-type=\"wp-page\" data-elementor-id=\"402\" class=\"elementor elementor-402\" data-elementor-post-type=\"page\">\n\t\t\t\t\t\t<section class=\"elementor-section elementor-top-section elementor-element elementor-element-735b54bb elementor-section-boxed elementor-section-height-default elementor-section-height-default\" data-id=\"735b54bb\" data-element_type=\"section\" data-settings=\"{&quot;background_background&quot;:&quot;classic&quot;}\">\n\t\t\t\t\t\t\t<div class=\"elementor-background-overlay\"><\/div>\n\t\t\t\t\t\t\t<div class=\"elementor-container elementor-column-gap-default\">\n\t\t\t\t\t<div class=\"elementor-column elementor-col-100 elementor-top-column elementor-element elementor-element-6034894c\" data-id=\"6034894c\" data-element_type=\"column\">\n\t\t\t<div class=\"elementor-widget-wrap elementor-element-populated\">\n\t\t\t\t\t\t<div class=\"elementor-element elementor-element-fe957e elementor-invisible elementor-widget elementor-widget-heading\" data-id=\"fe957e\" data-element_type=\"widget\" data-settings=\"{&quot;_animation&quot;:&quot;fadeInLeft&quot;}\" data-widget_type=\"heading.default\">\n\t\t\t\t<div class=\"elementor-widget-container\">\n\t\t\t\t\t<h1 class=\"elementor-heading-title elementor-size-default\">Terms and Conditions<\/h1>\t\t\t\t<\/div>\n\t\t\t\t<\/div>\n\t\t\t\t\t<\/div>\n\t\t<\/div>\n\t\t\t\t\t<\/div>\n\t\t<\/section>\n\t\t\t\t<section class=\"elementor-section elementor-top-section elementor-element elementor-element-5ebc159d elementor-section-boxed elementor-section-height-default elementor-section-height-default\" data-id=\"5ebc159d\" data-element_type=\"section\">\n\t\t\t\t\t\t<div class=\"elementor-container elementor-column-gap-default\">\n\t\t\t\t\t<div class=\"elementor-column elementor-col-100 elementor-top-column elementor-element elementor-element-11b004d7\" data-id=\"11b004d7\" data-element_type=\"column\">\n\t\t\t<div class=\"elementor-widget-wrap elementor-element-populated\">\n\t\t\t\t\t\t<div class=\"elementor-element elementor-element-fcdc9df elementor-widget elementor-widget-heading\" data-id=\"fcdc9df\" data-element_type=\"widget\" data-widget_type=\"heading.default\">\n\t\t\t\t<div class=\"elementor-widget-container\">\n\t\t\t\t\t<h2 class=\"elementor-heading-title elementor-size-default\">Last Update: October 25, 2023.<\/h2>\t\t\t\t<\/div>\n\t\t\t\t<\/div>\n\t\t\t\t<div class=\"elementor-element elementor-element-35ca9c4 elementor-widget elementor-widget-text-editor\" data-id=\"35ca9c4\" data-element_type=\"widget\" data-widget_type=\"text-editor.default\">\n\t\t\t\t<div class=\"elementor-widget-container\">\n\t\t\t\t\t\t\t\t\t<p>These Terms and Conditions (\"Terms\") govern your use of our website and services. By accessing our website or using our services, you agree to be bound by these Terms. If you do not agree with any part of these Terms, please do not use our website or services.<\/p><p><strong>Services<\/strong><\/p><p>Multi Logistics offers a wide range of services, including Business Process Outsourcing (BPO) Services, Business Analysis, Reporting, Planning, Management Accounting, Cash Management, Treasury Management, Accounts Payable and Accounts Receivable Services, Risk Management and Tax Management. These services are subject to these Terms, our Service Agreements and any other terms and conditions specific to each service.<\/p><p><strong>Registration<\/strong><\/p><p>To access certain services, you may be required to register for an account. You agree to provide accurate, current and complete information during the registration process and to keep this information up to date. You are responsible for protecting your account credentials.<\/p><p><strong>Fees and Payments<\/strong><\/p><p>The fees for our services are detailed in our Service Agreements. You agree to pay all fees in accordance with the agreed terms and payment schedule. Failure to pay fees may result in suspension or termination of your services.<\/p><p><strong>User Behavior<\/strong><\/p><p>By using our services, you agree not to:<\/p><ul><li>Use our services for illegal or unauthorized purposes.<\/li><li>Transmit viruses, malware or other harmful code.<\/li><li>Engage in activities that may damage or interfere with our services or other users.<\/li><\/ul><p><strong>Privacy<\/strong><\/p><p>Your use of our website and services is also subject to our Privacy Policy, which you can view on our website.<\/p><p><strong>Intellectual Property<\/strong><\/p><p>All content on our website, including text, graphics, logos and software, is protected by copyright and other intellectual property rights. You may only use the content in accordance with these Terms or with our express permission.<\/p><p><strong>Limitation of Liability<\/strong><\/p><p>We are not liable for direct, indirect, incidental, special or consequential damages, or lost profits or revenues, arising from your use of our services.<\/p><p><strong>Indemnification<\/strong><\/p><p>You agree to indemnify and hold us harmless for any claims, damages or costs resulting from your violation of these Terms.<\/p><p><strong>Termination<\/strong><\/p><p>We reserve the right to suspend or terminate your access to our services at our discretion, with or without notice.<\/p><p><strong>Changes in these Terms<\/strong><\/p><p>We may update these Terms from time to time. The updated Terms will be posted on our website with the revised effective date.<\/p><p><strong>Applicable Law<\/strong><\/p><p>These Terms are governed by and construed in accordance with the laws of Uruguay.<\/p><p><strong>Contact us<\/strong><\/p><p>If you have any questions or concerns about these Terms and Conditions, please contact us at: support@multilogisticsonline.com<\/p>\t\t\t\t\t\t\t\t<\/div>\n\t\t\t\t<\/div>\n\t\t\t\t\t<\/div>\n\t\t<\/div>\n\t\t\t\t\t<\/div>\n\t\t<\/section>\n\t\t\t\t<\/div>","protected":false},"excerpt":{"rendered":"<p>\u00daltima Actualizaci\u00f3n: 25 de octubre del 2023. Estos T\u00e9rminos y Condiciones (\u00abT\u00e9rminos\u00bb) rigen tu uso de nuestro sitio web y servicios. Al acceder a nuestro sitio web o utilizar nuestros servicios, aceptas cumplir con estos T\u00e9rminos. Si no est\u00e1s de acuerdo con alguna parte de estos T\u00e9rminos, por favor, no utilices nuestro sitio web ni [&hellip;]<\/p>","protected":false},"author":4,"featured_media":0,"parent":0,"menu_order":0,"comment_status":"closed","ping_status":"closed","template":"elementor_header_footer","meta":{"_acf_changed":false,"footnotes":""},"class_list":["post-402","page","type-page","status-publish","hentry"],"acf":[],"_links":{"self":[{"href":"https:\/\/multilogisticsonline.com\/en\/wp-json\/wp\/v2\/pages\/402","targetHints":{"allow":["GET"]}}],"collection":[{"href":"https:\/\/multilogisticsonline.com\/en\/wp-json\/wp\/v2\/pages"}],"about":[{"href":"https:\/\/multilogisticsonline.com\/en\/wp-json\/wp\/v2\/types\/page"}],"author":[{"embeddable":true,"href":"https:\/\/multilogisticsonline.com\/en\/wp-json\/wp\/v2\/users\/4"}],"replies":[{"embeddable":true,"href":"https:\/\/multilogisticsonline.com\/en\/wp-json\/wp\/v2\/comments?post=402"}],"version-history":[{"count":13,"href":"https:\/\/multilogisticsonline.com\/en\/wp-json\/wp\/v2\/pages\/402\/revisions"}],"predecessor-version":[{"id":1264,"href":"https:\/\/multilogisticsonline.com\/en\/wp-json\/wp\/v2\/pages\/402\/revisions\/1264"}],"wp:attachment":[{"href":"https:\/\/multilogisticsonline.com\/en\/wp-json\/wp\/v2\/media?parent=402"}],"curies":[{"name":"wp","href":"https:\/\/api.w.org\/{rel}","templated":true}]}}