{"id":412,"date":"2023-11-05T17:16:43","date_gmt":"2023-11-05T17:16:43","guid":{"rendered":"https:\/\/multilogisticsonline.com\/?page_id=412"},"modified":"2023-12-12T20:19:58","modified_gmt":"2023-12-12T20:19:58","slug":"cancellation-policy","status":"publish","type":"page","link":"https:\/\/multilogisticsonline.com\/en\/cancellation-policy\/","title":{"rendered":"Cancellation Policy"},"content":{"rendered":"<style>.elementor-412 .elementor-element.elementor-element-274f1359:not(.elementor-motion-effects-element-type-background), .elementor-412 .elementor-element.elementor-element-274f1359 > .elementor-motion-effects-container > .elementor-motion-effects-layer{background-color:var( --e-global-color-secondary );}.elementor-412 .elementor-element.elementor-element-274f1359 > .elementor-background-overlay{background-color:#122658;opacity:0.7;transition:background 0.3s, border-radius 0.3s, opacity 0.3s;}.elementor-412 .elementor-element.elementor-element-274f1359{transition:background 0.3s, border 0.3s, border-radius 0.3s, box-shadow 0.3s;padding:7em 0em 7em 0em;}.elementor-412 .elementor-element.elementor-element-19d94bcb .elementor-heading-title{color:var( --e-global-color-text );}.elementor-412 .elementor-element.elementor-element-5ebc159d{margin-top:0px;margin-bottom:0px;padding:100px 0px 100px 0px;}.elementor-412 .elementor-element.elementor-element-11b004d7 > .elementor-element-populated{margin:0px 0px 0px 0px;--e-column-margin-right:0px;--e-column-margin-left:0px;padding:0px 0px 0px 0px;}.elementor-412 .elementor-element.elementor-element-fcdc9df .elementor-heading-title{font-size:15px;}.elementor-412 .elementor-element.elementor-element-35ca9c4{color:var( --e-global-color-primary );}@media(max-width:1024px){.elementor-412 .elementor-element.elementor-element-274f1359 > .elementor-container{max-width:500px;}.elementor-412 .elementor-element.elementor-element-274f1359{padding:3em 0em 3em 0em;}.elementor-412 .elementor-element.elementor-element-22025e15 > .elementor-element-populated{padding:2em 2em 2em 2em;}.elementor-412 .elementor-element.elementor-element-19d94bcb{text-align:center;}.elementor-412 .elementor-element.elementor-element-5ebc159d{margin-top:0px;margin-bottom:0px;padding:100px 30px 100px 30px;}}@media(max-width:767px){.elementor-412 .elementor-element.elementor-element-22025e15 > .elementor-element-populated{padding:21px 21px 21px 21px;}.elementor-412 .elementor-element.elementor-element-19d94bcb{text-align:center;}.elementor-412 .elementor-element.elementor-element-5ebc159d{padding:100px 20px 100px 20px;}}<\/style>\t\t<div data-elementor-type=\"wp-page\" data-elementor-id=\"412\" class=\"elementor elementor-412\" data-elementor-post-type=\"page\">\n\t\t\t\t\t\t<section class=\"elementor-section elementor-top-section elementor-element elementor-element-274f1359 elementor-section-boxed elementor-section-height-default elementor-section-height-default\" data-id=\"274f1359\" data-element_type=\"section\" data-settings=\"{&quot;background_background&quot;:&quot;classic&quot;}\">\n\t\t\t\t\t\t\t<div class=\"elementor-background-overlay\"><\/div>\n\t\t\t\t\t\t\t<div class=\"elementor-container elementor-column-gap-default\">\n\t\t\t\t\t<div class=\"elementor-column elementor-col-100 elementor-top-column elementor-element elementor-element-22025e15\" data-id=\"22025e15\" data-element_type=\"column\">\n\t\t\t<div class=\"elementor-widget-wrap elementor-element-populated\">\n\t\t\t\t\t\t<div class=\"elementor-element elementor-element-19d94bcb elementor-invisible elementor-widget elementor-widget-heading\" data-id=\"19d94bcb\" data-element_type=\"widget\" data-settings=\"{&quot;_animation&quot;:&quot;fadeInLeft&quot;}\" data-widget_type=\"heading.default\">\n\t\t\t\t<div class=\"elementor-widget-container\">\n\t\t\t\t\t<h1 class=\"elementor-heading-title elementor-size-default\">Cancellation Policy<\/h1>\t\t\t\t<\/div>\n\t\t\t\t<\/div>\n\t\t\t\t\t<\/div>\n\t\t<\/div>\n\t\t\t\t\t<\/div>\n\t\t<\/section>\n\t\t\t\t<section class=\"elementor-section elementor-top-section elementor-element elementor-element-5ebc159d elementor-section-boxed elementor-section-height-default elementor-section-height-default\" data-id=\"5ebc159d\" data-element_type=\"section\">\n\t\t\t\t\t\t<div class=\"elementor-container elementor-column-gap-default\">\n\t\t\t\t\t<div class=\"elementor-column elementor-col-100 elementor-top-column elementor-element elementor-element-11b004d7\" data-id=\"11b004d7\" data-element_type=\"column\">\n\t\t\t<div class=\"elementor-widget-wrap elementor-element-populated\">\n\t\t\t\t\t\t<div class=\"elementor-element elementor-element-fcdc9df elementor-widget elementor-widget-heading\" data-id=\"fcdc9df\" data-element_type=\"widget\" data-widget_type=\"heading.default\">\n\t\t\t\t<div class=\"elementor-widget-container\">\n\t\t\t\t\t<h2 class=\"elementor-heading-title elementor-size-default\">Last Update: October 25, 2023.<\/h2>\t\t\t\t<\/div>\n\t\t\t\t<\/div>\n\t\t\t\t<div class=\"elementor-element elementor-element-35ca9c4 elementor-widget elementor-widget-text-editor\" data-id=\"35ca9c4\" data-element_type=\"widget\" data-widget_type=\"text-editor.default\">\n\t\t\t\t<div class=\"elementor-widget-container\">\n\t\t\t\t\t\t\t\t\t<p><strong>Cancellation of Services<\/strong><\/p><p>Customers have the right to cancel services provided by Multi Logistics at any time. To initiate a cancellation, please contact our Customer Care team by email. We recommend providing written notice to ensure timely processing.<\/p><p><strong>Cancellation Process<\/strong><\/p><p>Upon receipt of your cancellation request, we will carry out the following steps:<\/p><ul><li>We will verify your identity and the services you wish to cancel.<\/li><li>We will confirm any outstanding payments or fees.<\/li><li>We will initiate the process of termination of services.<\/li><\/ul><p><strong>Termination of Services<\/strong><\/p><p>Upon confirmation of your cancellation, services will be terminated in accordance with the terms and conditions specified in your Service Agreement. Please refer to your specific Service Agreement for any applicable notice period.<\/p><p><strong>Refunds<\/strong><\/p><p>Refunds, if applicable, will be subject to our Refund Policy. See the Refund Policy section below for more details.<\/p><p><strong>Contact us<\/strong><\/p><p>support@multilogisticsonline.com<\/p>\t\t\t\t\t\t\t\t<\/div>\n\t\t\t\t<\/div>\n\t\t\t\t\t<\/div>\n\t\t<\/div>\n\t\t\t\t\t<\/div>\n\t\t<\/section>\n\t\t\t\t<\/div>","protected":false},"excerpt":{"rendered":"<p>\u00daltima Actualizaci\u00f3n: 25 de octubre del 2023. Cancelaci\u00f3n de Servicios Los clientes tienen el derecho de cancelar los servicios proporcionados por Multi Logistics en cualquier momento. Para iniciar una cancelaci\u00f3n, por favor, comun\u00edcate con nuestro equipo de Atenci\u00f3n al Cliente por correo electr\u00f3nico. Recomendamos proporcionar un aviso por escrito para asegurar un procesamiento oportuno. Proceso [&hellip;]<\/p>","protected":false},"author":4,"featured_media":0,"parent":0,"menu_order":0,"comment_status":"closed","ping_status":"closed","template":"elementor_header_footer","meta":{"_acf_changed":false,"footnotes":""},"class_list":["post-412","page","type-page","status-publish","hentry"],"acf":[],"_links":{"self":[{"href":"https:\/\/multilogisticsonline.com\/en\/wp-json\/wp\/v2\/pages\/412","targetHints":{"allow":["GET"]}}],"collection":[{"href":"https:\/\/multilogisticsonline.com\/en\/wp-json\/wp\/v2\/pages"}],"about":[{"href":"https:\/\/multilogisticsonline.com\/en\/wp-json\/wp\/v2\/types\/page"}],"author":[{"embeddable":true,"href":"https:\/\/multilogisticsonline.com\/en\/wp-json\/wp\/v2\/users\/4"}],"replies":[{"embeddable":true,"href":"https:\/\/multilogisticsonline.com\/en\/wp-json\/wp\/v2\/comments?post=412"}],"version-history":[{"count":13,"href":"https:\/\/multilogisticsonline.com\/en\/wp-json\/wp\/v2\/pages\/412\/revisions"}],"predecessor-version":[{"id":1255,"href":"https:\/\/multilogisticsonline.com\/en\/wp-json\/wp\/v2\/pages\/412\/revisions\/1255"}],"wp:attachment":[{"href":"https:\/\/multilogisticsonline.com\/en\/wp-json\/wp\/v2\/media?parent=412"}],"curies":[{"name":"wp","href":"https:\/\/api.w.org\/{rel}","templated":true}]}}