{"id":429,"date":"2023-11-05T17:31:11","date_gmt":"2023-11-05T17:31:11","guid":{"rendered":"https:\/\/multilogisticsonline.com\/?page_id=429"},"modified":"2024-11-07T15:53:36","modified_gmt":"2024-11-07T15:53:36","slug":"multi-logistics-affiliate-program","status":"publish","type":"page","link":"https:\/\/multilogisticsonline.com\/en\/multi-logistics-affiliate-program\/","title":{"rendered":"Multi Logistics Affiliate Program"},"content":{"rendered":"<style>.elementor-429 .elementor-element.elementor-element-77372f08:not(.elementor-motion-effects-element-type-background), .elementor-429 .elementor-element.elementor-element-77372f08 > .elementor-motion-effects-container > .elementor-motion-effects-layer{background-color:var( --e-global-color-secondary );}.elementor-429 .elementor-element.elementor-element-77372f08 > .elementor-background-overlay{background-color:#122658;opacity:0.7;transition:background 0.3s, border-radius 0.3s, opacity 0.3s;}.elementor-429 .elementor-element.elementor-element-77372f08{transition:background 0.3s, border 0.3s, border-radius 0.3s, box-shadow 0.3s;padding:7em 0em 7em 0em;}.elementor-429 .elementor-element.elementor-element-21c3e393 .elementor-heading-title{color:var( --e-global-color-text );}.elementor-429 .elementor-element.elementor-element-5ebc159d{margin-top:0px;margin-bottom:0px;padding:100px 0px 100px 0px;}.elementor-429 .elementor-element.elementor-element-11b004d7 > .elementor-element-populated{margin:0px 0px 0px 0px;--e-column-margin-right:0px;--e-column-margin-left:0px;padding:0px 0px 0px 0px;}.elementor-429 .elementor-element.elementor-element-fcdc9df .elementor-heading-title{font-size:30px;}.elementor-429 .elementor-element.elementor-element-35ca9c4{color:var( --e-global-color-primary );}.elementor-429 .elementor-element.elementor-element-afc5465 .elementor-heading-title{font-size:30px;}.elementor-429 .elementor-element.elementor-element-cbf2f27 > .elementor-widget-container{padding:40px 40px 40px 40px;}.elementor-429 .elementor-element.elementor-element-cbf2f27 .elementor-field-group{padding-right:calc( 10px\/2 );padding-left:calc( 10px\/2 );margin-bottom:10px;}.elementor-429 .elementor-element.elementor-element-cbf2f27 .elementor-form-fields-wrapper{margin-left:calc( -10px\/2 );margin-right:calc( -10px\/2 );margin-bottom:-10px;}.elementor-429 .elementor-element.elementor-element-cbf2f27 .elementor-field-group.recaptcha_v3-bottomleft, .elementor-429 .elementor-element.elementor-element-cbf2f27 .elementor-field-group.recaptcha_v3-bottomright{margin-bottom:0;}body.rtl .elementor-429 .elementor-element.elementor-element-cbf2f27 .elementor-labels-inline .elementor-field-group > label{padding-left:10px;}body:not(.rtl) .elementor-429 .elementor-element.elementor-element-cbf2f27 .elementor-labels-inline .elementor-field-group > label{padding-right:10px;}body .elementor-429 .elementor-element.elementor-element-cbf2f27 .elementor-labels-above .elementor-field-group > label{padding-bottom:10px;}.elementor-429 .elementor-element.elementor-element-cbf2f27 .elementor-field-group > label, .elementor-429 .elementor-element.elementor-element-cbf2f27 .elementor-field-subgroup label{color:var( --e-global-color-secondary );}.elementor-429 .elementor-element.elementor-element-cbf2f27 .elementor-field-type-html{padding-bottom:0px;}.elementor-429 .elementor-element.elementor-element-cbf2f27 .elementor-field-group .elementor-field{color:var( --e-global-color-text );}.elementor-429 .elementor-element.elementor-element-cbf2f27 .elementor-field-group:not(.elementor-field-type-upload) .elementor-field:not(.elementor-select-wrapper){background-color:var( --e-global-color-secondary );}.elementor-429 .elementor-element.elementor-element-cbf2f27 .elementor-field-group .elementor-select-wrapper select{background-color:var( --e-global-color-secondary );}.elementor-429 .elementor-element.elementor-element-cbf2f27 .e-form__buttons__wrapper__button-next{color:#ffffff;}.elementor-429 .elementor-element.elementor-element-cbf2f27 .elementor-button[type=\"submit\"]{color:#ffffff;}.elementor-429 .elementor-element.elementor-element-cbf2f27 .elementor-button[type=\"submit\"] svg *{fill:#ffffff;}.elementor-429 .elementor-element.elementor-element-cbf2f27 .e-form__buttons__wrapper__button-previous{color:#ffffff;}.elementor-429 .elementor-element.elementor-element-cbf2f27 .e-form__buttons__wrapper__button-next:hover{background-color:#1B4965;color:#ffffff;}.elementor-429 .elementor-element.elementor-element-cbf2f27 .elementor-button[type=\"submit\"]:hover{background-color:#1B4965;color:#ffffff;}.elementor-429 .elementor-element.elementor-element-cbf2f27 .elementor-button[type=\"submit\"]:hover svg *{fill:#ffffff;}.elementor-429 .elementor-element.elementor-element-cbf2f27 .e-form__buttons__wrapper__button-previous:hover{color:#ffffff;}.elementor-429 .elementor-element.elementor-element-cbf2f27{--e-form-steps-indicators-spacing:20px;--e-form-steps-indicator-padding:30px;--e-form-steps-indicator-inactive-secondary-color:#ffffff;--e-form-steps-indicator-active-secondary-color:#ffffff;--e-form-steps-indicator-completed-secondary-color:#ffffff;--e-form-steps-divider-width:1px;--e-form-steps-divider-gap:10px;}@media(max-width:1024px){.elementor-429 .elementor-element.elementor-element-77372f08 > .elementor-container{max-width:500px;}.elementor-429 .elementor-element.elementor-element-77372f08{padding:3em 0em 3em 0em;}.elementor-429 .elementor-element.elementor-element-2edc6436 > .elementor-element-populated{padding:2em 2em 2em 2em;}.elementor-429 .elementor-element.elementor-element-21c3e393{text-align:center;}.elementor-429 .elementor-element.elementor-element-5ebc159d{margin-top:0px;margin-bottom:0px;padding:100px 30px 100px 30px;}}@media(max-width:767px){.elementor-429 .elementor-element.elementor-element-2edc6436 > .elementor-element-populated{padding:21px 21px 21px 21px;}.elementor-429 .elementor-element.elementor-element-21c3e393{text-align:center;}.elementor-429 .elementor-element.elementor-element-5ebc159d{padding:100px 20px 100px 20px;}}<\/style>\t\t<div data-elementor-type=\"wp-page\" data-elementor-id=\"429\" class=\"elementor elementor-429\" data-elementor-post-type=\"page\">\n\t\t\t\t\t\t<section class=\"elementor-section elementor-top-section elementor-element elementor-element-77372f08 elementor-section-boxed elementor-section-height-default elementor-section-height-default\" data-id=\"77372f08\" data-element_type=\"section\" data-settings=\"{&quot;background_background&quot;:&quot;classic&quot;}\">\n\t\t\t\t\t\t\t<div class=\"elementor-background-overlay\"><\/div>\n\t\t\t\t\t\t\t<div class=\"elementor-container elementor-column-gap-default\">\n\t\t\t\t\t<div class=\"elementor-column elementor-col-100 elementor-top-column elementor-element elementor-element-2edc6436\" data-id=\"2edc6436\" data-element_type=\"column\">\n\t\t\t<div class=\"elementor-widget-wrap elementor-element-populated\">\n\t\t\t\t\t\t<div class=\"elementor-element elementor-element-21c3e393 elementor-invisible elementor-widget elementor-widget-heading\" data-id=\"21c3e393\" data-element_type=\"widget\" data-settings=\"{&quot;_animation&quot;:&quot;fadeInLeft&quot;}\" data-widget_type=\"heading.default\">\n\t\t\t\t<div class=\"elementor-widget-container\">\n\t\t\t\t\t<h1 class=\"elementor-heading-title elementor-size-default\">Multi Logistics Affiliate Program<\/h1>\t\t\t\t<\/div>\n\t\t\t\t<\/div>\n\t\t\t\t\t<\/div>\n\t\t<\/div>\n\t\t\t\t\t<\/div>\n\t\t<\/section>\n\t\t\t\t<section class=\"elementor-section elementor-top-section elementor-element elementor-element-5ebc159d elementor-section-boxed elementor-section-height-default elementor-section-height-default\" data-id=\"5ebc159d\" data-element_type=\"section\">\n\t\t\t\t\t\t<div class=\"elementor-container elementor-column-gap-default\">\n\t\t\t\t\t<div class=\"elementor-column elementor-col-100 elementor-top-column elementor-element elementor-element-11b004d7\" data-id=\"11b004d7\" data-element_type=\"column\">\n\t\t\t<div class=\"elementor-widget-wrap elementor-element-populated\">\n\t\t\t\t\t\t<div class=\"elementor-element elementor-element-fcdc9df elementor-widget elementor-widget-heading\" data-id=\"fcdc9df\" data-element_type=\"widget\" data-widget_type=\"heading.default\">\n\t\t\t\t<div class=\"elementor-widget-container\">\n\t\t\t\t\t<h2 class=\"elementor-heading-title elementor-size-default\">Increase Your Profits Today!<\/h2>\t\t\t\t<\/div>\n\t\t\t\t<\/div>\n\t\t\t\t<div class=\"elementor-element elementor-element-35ca9c4 elementor-widget elementor-widget-text-editor\" data-id=\"35ca9c4\" data-element_type=\"widget\" data-widget_type=\"text-editor.default\">\n\t\t\t\t<div class=\"elementor-widget-container\">\n\t\t\t\t\t\t\t\t\t<p>You are invited to join the Multi Logistics Affiliate Program. We value collaboration and consider your success to be our success. Our initiative is designed to enable individuals and companies to work together to promote our range of business services. As a Multi Logistics affiliate, you can earn significant commissions while helping companies optimize their operations and achieve excellence.<\/p><p><strong>Why join the Multi Logistics Affiliate Program?<\/strong><\/p><ul><li>Lucrative Commissions: Earn generous commissions for every successful referral. We appreciate your support and reward you accordingly.<\/li><li>Quality Services: You will be promoting Multi Logistics services, a trusted name in the industry, powered by Servicios Log\u00edsticos y Soluciones S.A. Your audience can rely on top-notch BPO services, business analysis and financial management.<\/li><li>Marketing Support: Access a complete set of marketing materials, including banners, brochures, email templates and more. Our marketing resources are designed to facilitate and optimize your promotional efforts.<\/li><li>Dedicated Support: You are not alone in this journey. Our affiliate support team is always ready to help you with any questions, guidance or custom materials you may need.<\/li><li>Flexible Promotion: Tailor your promotion to suit your audience. Whether you have a blog, social media followers or a business network, our program adapts to your unique approach.<\/li><\/ul><p>\u00a0<\/p><p><strong>Marketing Materials:<\/strong><\/p><p>By joining our program, you will have access to a wide range of professionally designed marketing materials, including:<\/p><ul><li>Eye-catching banners to place on your website<\/li><li>Information brochures and promotional documents<\/li><li>E-mail templates for specific targeting<\/li><li>High-quality graphics and visual resources<\/li><li>We provide you with the necessary tools to effectively promote our services to your audience.<\/li><\/ul><p>\u00a0<\/p><p><strong>Committee Structure:<\/strong><\/p><p>Our solid commission structure is designed to generously reward your efforts:<\/p><ul><li>10% commission on all BPO Service sales<\/li><li>8% commission on all Business Analysis and Reporting Services sales<\/li><li>7% commission on all sales of Management Accounting and Financial Services.<\/li><li>6% commission on all Cash Management and Treasury Services sales<\/li><li>5% commission on all Accounts Payable and Accounts Receivable Service sales<\/li><li>4% commission on all sales of Tax and Risk Management Services<\/li><\/ul><p>\u00a0<\/p><p><strong>How do we do it?<\/strong><\/p><ul><li>Sign up: Complete the affiliate program registration form below to get started. Once your application is approved, you will receive access to your personalized affiliate panel.<\/li><li>Promote: Use our marketing materials and resources to promote Multi Logistics services to your audience. Share your affiliate link, banners or promotional content on your platform.<\/li><li>Earn Commissions: For every sale generated through your unique affiliate link, you will earn commissions according to our generous commission structure.<\/li><li>Monitor Progress: Log in to your affiliate dashboard to track your referral sales, commissions earned and performance in real time.<\/li><li>Get Paid: Commissions are paid monthly, and once you reach the minimum threshold, we will transfer your earnings to your designated account.<\/li><\/ul><p>\u00a0<\/p><p>Thank you for considering the Multi Logistics Affiliate Program. We look forward to a mutually beneficial partnership - join us to promote excellence in business services and increase your revenue today!<\/p>\t\t\t\t\t\t\t\t<\/div>\n\t\t\t\t<\/div>\n\t\t\t\t<div class=\"elementor-element elementor-element-afc5465 elementor-widget elementor-widget-heading\" data-id=\"afc5465\" data-element_type=\"widget\" data-widget_type=\"heading.default\">\n\t\t\t\t<div class=\"elementor-widget-container\">\n\t\t\t\t\t<h2 class=\"elementor-heading-title elementor-size-default\">Multi Logistics Affiliate Program Registration Form<\/h2>\t\t\t\t<\/div>\n\t\t\t\t<\/div>\n\t\t\t\t<div class=\"elementor-element elementor-element-cbf2f27 elementor-button-align-stretch elementor-widget elementor-widget-form\" data-id=\"cbf2f27\" data-element_type=\"widget\" data-settings=\"{&quot;step_next_label&quot;:&quot;Next&quot;,&quot;step_previous_label&quot;:&quot;Previous&quot;,&quot;button_width&quot;:&quot;100&quot;,&quot;step_type&quot;:&quot;number_text&quot;,&quot;step_icon_shape&quot;:&quot;circle&quot;}\" data-widget_type=\"form.default\">\n\t\t\t\t<div class=\"elementor-widget-container\">\n\t\t\t\t\t\t\t<form class=\"elementor-form\" method=\"post\" name=\"New Form\" action=\"\">\n\t\t\t<input type=\"hidden\" name=\"post_id\" value=\"429\"\/>\n\t\t\t<input type=\"hidden\" name=\"form_id\" value=\"cbf2f27\"\/>\n\t\t\t<input type=\"hidden\" name=\"referer_title\" value=\"Programa de Afiliados de Multi Logistics\" \/>\n\n\t\t\t\t\t\t\t<input type=\"hidden\" name=\"queried_id\" value=\"429\"\/>\n\t\t\t\n\t\t\t<div class=\"elementor-form-fields-wrapper elementor-labels-above\">\n\t\t\t\t\t\t\t\t<div class=\"elementor-field-type-text elementor-field-group elementor-column elementor-field-group-name elementor-col-100\">\n\t\t\t\t\t\t\t\t\t\t\t\t\t<input size=\"1\" type=\"text\" name=\"form_fields[name]\" id=\"form-field-name\" class=\"elementor-field elementor-size-sm  elementor-field-textual\" placeholder=\"Name\">\n\t\t\t\t\t\t\t\t\t\t\t<\/div>\n\t\t\t\t\t\t\t\t<div class=\"elementor-field-type-email elementor-field-group elementor-column elementor-field-group-email elementor-col-100 elementor-field-required elementor-mark-required\">\n\t\t\t\t\t\t\t\t\t\t\t\t\t<input size=\"1\" type=\"email\" name=\"form_fields[email]\" id=\"form-field-email\" class=\"elementor-field elementor-size-sm  elementor-field-textual\" placeholder=\"E-mail Address\" required=\"required\" aria-required=\"true\">\n\t\t\t\t\t\t\t\t\t\t\t<\/div>\n\t\t\t\t\t\t\t\t<div class=\"elementor-field-type-tel elementor-field-group elementor-column elementor-field-group-field_88c8aac elementor-col-100\">\n\t\t\t\t\t\t\t<input size=\"1\" type=\"tel\" name=\"form_fields[field_88c8aac]\" id=\"form-field-field_88c8aac\" class=\"elementor-field elementor-size-sm  elementor-field-textual\" placeholder=\"Telephone Number\" pattern=\"[0-9()#&amp;+*-=.]+\" title=\"Only numbers and phone characters (#, -, *, etc) are accepted.\">\n\n\t\t\t\t\t\t<\/div>\n\t\t\t\t\t\t\t\t<div class=\"elementor-field-type-text elementor-field-group elementor-column elementor-field-group-field_a93a590 elementor-col-100\">\n\t\t\t\t\t\t\t\t\t\t\t\t\t<input size=\"1\" type=\"text\" name=\"form_fields[field_a93a590]\" id=\"form-field-field_a93a590\" class=\"elementor-field elementor-size-sm  elementor-field-textual\" placeholder=\"Website (if applicable)\">\n\t\t\t\t\t\t\t\t\t\t\t<\/div>\n\t\t\t\t\t\t\t\t<div class=\"elementor-field-type-text elementor-field-group elementor-column elementor-field-group-field_557118e elementor-col-100\">\n\t\t\t\t\t\t\t\t\t\t\t\t\t<input size=\"1\" type=\"text\" name=\"form_fields[field_557118e]\" id=\"form-field-field_557118e\" class=\"elementor-field elementor-size-sm  elementor-field-textual\" placeholder=\"Method of Payment\">\n\t\t\t\t\t\t\t\t\t\t\t<\/div>\n\t\t\t\t\t\t\t\t<div class=\"elementor-field-type-checkbox elementor-field-group elementor-column elementor-field-group-field_7a87070 elementor-col-100\">\n\t\t\t\t\t\t\t\t\t\t\t\t<label for=\"form-field-field_7a87070\" class=\"elementor-field-label\">\n\t\t\t\t\t\t\t\tHow do you plan to promote our services (Check all that apply)? \t\t\t\t\t\t\t<\/label>\n\t\t\t\t\t\t<div class=\"elementor-field-subgroup\"><span class=\"elementor-field-option\"><input type=\"checkbox\" value=\" Sitio web\/Blog\" id=\"form-field-field_7a87070-0\" name=\"form_fields[field_7a87070][]\"> <label for=\"form-field-field_7a87070-0\"> Website\/Blog<\/label><\/span><span class=\"elementor-field-option\"><input type=\"checkbox\" value=\" Redes Sociales\" id=\"form-field-field_7a87070-1\" name=\"form_fields[field_7a87070][]\"> <label for=\"form-field-field_7a87070-1\"> Social Networking<\/label><\/span><span class=\"elementor-field-option\"><input type=\"checkbox\" value=\" Marketing por Correo Electr\u00f3nico\" id=\"form-field-field_7a87070-2\" name=\"form_fields[field_7a87070][]\"> <label for=\"form-field-field_7a87070-2\"> Email Marketing<\/label><\/span><span class=\"elementor-field-option\"><input type=\"checkbox\" value=\" Networking\/Eventos\" id=\"form-field-field_7a87070-3\" name=\"form_fields[field_7a87070][]\"> <label for=\"form-field-field_7a87070-3\"> Networks\/Events<\/label><\/span><span class=\"elementor-field-option\"><input type=\"checkbox\" value=\" Otro\" id=\"form-field-field_7a87070-4\" name=\"form_fields[field_7a87070][]\"> <label for=\"form-field-field_7a87070-4\"> Other<\/label><\/span><\/div>\t\t\t\t<\/div>\n\t\t\t\t\t\t\t\t<div class=\"elementor-field-type-textarea elementor-field-group elementor-column elementor-field-group-field_a9732dc elementor-col-100\">\n\t\t\t\t\t<textarea class=\"elementor-field-textual elementor-field  elementor-size-sm\" name=\"form_fields[field_a9732dc]\" id=\"form-field-field_a9732dc\" rows=\"4\" placeholder=\"Message\"><\/textarea>\t\t\t\t<\/div>\n\t\t\t\t\t\t\t\t<div class=\"elementor-field-type-recaptcha elementor-field-group elementor-column elementor-field-group-field_70996a3 elementor-col-100\">\n\t\t\t\t\t<div class=\"elementor-field\" id=\"form-field-field_70996a3\"><div class=\"elementor-g-recaptcha\" data-sitekey=\"6LctdycpAAAAAFdxKid5HXXXa_tWrGsYEeHSzbl4\" data-type=\"v2_checkbox\" data-theme=\"light\" data-size=\"normal\"><\/div><\/div>\t\t\t\t<\/div>\n\t\t\t\t\t\t\t\t<div class=\"elementor-field-group elementor-column elementor-field-type-submit elementor-col-100 e-form__buttons\">\n\t\t\t\t\t<button class=\"elementor-button elementor-size-sm\" type=\"submit\">\n\t\t\t\t\t\t<span class=\"elementor-button-content-wrapper\">\n\t\t\t\t\t\t\t\t\t\t\t\t\t\t\t\t\t\t\t\t\t\t<span class=\"elementor-button-text\">Send<\/span>\n\t\t\t\t\t\t\t\t\t\t\t\t\t<\/span>\n\t\t\t\t\t<\/button>\n\t\t\t\t<\/div>\n\t\t\t<\/div>\n\t\t<input type=\"hidden\" name=\"trp-form-language\" value=\"en\"\/><\/form>\n\t\t\t\t\t\t<\/div>\n\t\t\t\t<\/div>\n\t\t\t\t\t<\/div>\n\t\t<\/div>\n\t\t\t\t\t<\/div>\n\t\t<\/section>\n\t\t\t\t<\/div>","protected":false},"excerpt":{"rendered":"<p>Aumenta tus Ganancias Hoy Mismo! Est\u00e1s invitado al Programa de Afiliados de Multi Logistics. Valoramos la colaboraci\u00f3n y consideramos que tu \u00e9xito es nuestro \u00e9xito. Nuestra iniciativa est\u00e1 dise\u00f1ada para permitir a individuos y empresas trabajar juntos para promocionar nuestra variedad de servicios empresariales. Como afiliado de Multi Logistics, puedes obtener comisiones significativas mientras ayudas [&hellip;]<\/p>","protected":false},"author":4,"featured_media":0,"parent":0,"menu_order":0,"comment_status":"closed","ping_status":"closed","template":"elementor_header_footer","meta":{"_acf_changed":false,"footnotes":""},"class_list":["post-429","page","type-page","status-publish","hentry"],"acf":[],"_links":{"self":[{"href":"https:\/\/multilogisticsonline.com\/en\/wp-json\/wp\/v2\/pages\/429","targetHints":{"allow":["GET"]}}],"collection":[{"href":"https:\/\/multilogisticsonline.com\/en\/wp-json\/wp\/v2\/pages"}],"about":[{"href":"https:\/\/multilogisticsonline.com\/en\/wp-json\/wp\/v2\/types\/page"}],"author":[{"embeddable":true,"href":"https:\/\/multilogisticsonline.com\/en\/wp-json\/wp\/v2\/users\/4"}],"replies":[{"embeddable":true,"href":"https:\/\/multilogisticsonline.com\/en\/wp-json\/wp\/v2\/comments?post=429"}],"version-history":[{"count":38,"href":"https:\/\/multilogisticsonline.com\/en\/wp-json\/wp\/v2\/pages\/429\/revisions"}],"predecessor-version":[{"id":1358,"href":"https:\/\/multilogisticsonline.com\/en\/wp-json\/wp\/v2\/pages\/429\/revisions\/1358"}],"wp:attachment":[{"href":"https:\/\/multilogisticsonline.com\/en\/wp-json\/wp\/v2\/media?parent=429"}],"curies":[{"name":"wp","href":"https:\/\/api.w.org\/{rel}","templated":true}]}}